{"id":694,"date":"2023-09-05T14:10:55","date_gmt":"2023-09-05T06:10:55","guid":{"rendered":"https:\/\/www.gelatomachine.com\/?post_type=product&#038;p=694"},"modified":"2025-11-03T13:19:33","modified_gmt":"2025-11-03T05:19:33","slug":"pozzetti-gelato-cart","status":"publish","type":"product","link":"https:\/\/www.gelatomachine.com\/it\/prodotto\/pozzetti-gelato-cart\/","title":{"rendered":"Carrello dei gelati Pozzetti"},"content":{"rendered":"<p><strong><b><span dir=\"auto\" style=\"vertical-align: inherit;\"><span dir=\"auto\" style=\"vertical-align: inherit;\">MR4, MR6, MR8, MR10<\/span><\/span><\/b><\/strong><\/p>\n<p>Similmente ai concetti di design europei, dimensioni e stili possono essere personalizzati in base alle esigenze del cliente.<\/p>\n<p>Acciaio inossidabile standard su tutti e quattro i bordi esterni; altri materiali (marmo, acciaio inossidabile a specchio, legno, ecc.)<\/p>\n<p>Si applicano costi aggiuntivi.<\/p>\n<p>Sono disponibili diversi materiali per i piani di lavoro (marmo, acciaio inossidabile, ecc.).<\/p>\n<p>Il coperchio standard per secchio \u00e8 un design originale di un designer italiano.<\/p>\n<p>Dotato di grandi ruote, il carrello pu\u00f2 essere spostato in modo semplice e flessibile.<\/p>\n<p>La tenda da soffitto \u00e8 disponibile in una variet\u00e0 di colori e pu\u00f2 essere personalizzata con il logo del cliente.<\/p>\n<p>Utilizza un compressore Tecumseh di importazione francese, offrendo prestazioni di refrigerazione pi\u00f9 silenziose ed efficienti.<\/p>\n<p>Un sistema di evaporazione appositamente progettato garantisce un congelamento rapido ed uniforme di ogni tamburo.<\/p>\n<p>Il termostato regolabile pu\u00f2 essere preimpostato in base al prodotto specifico.<\/p>\n<p>Utilizza il gas refrigerante R404A riconosciuto a livello internazionale.<\/p>\n<p><strong>Specifiche tecniche:<\/strong><\/p>\n<table data-sort=\"sortDisabled\">\n<tbody>\n<tr class=\"firstRow\">\n<td colspan=\"1\" rowspan=\"1\" align=\"center\" valign=\"middle\" width=\"96.02083400000001\">MODELLO<\/td>\n<td align=\"center\" valign=\"middle\" width=\"178.02083399999998\">CAPACIT\u00c0<\/td>\n<td align=\"center\" valign=\"middle\" width=\"96.02083400000001\">RAFFREDDAMENTO<\/td>\n<td colspan=\"3\" rowspan=\"1\" align=\"center\" valign=\"middle\" width=\"274.02083400000004\">DIMENSIONI (LPA,mm\uff09<\/td>\n<td colspan=\"3\" rowspan=\"1\" align=\"center\" valign=\"middle\" width=\"250.02083399999998\">DIMENSIONI DI IMBALLAGGIO (LXAXP, mm)<\/td>\n<td align=\"center\" valign=\"middle\" width=\"140.02083399999998\">COMPRESSORE<\/td>\n<td align=\"center\" valign=\"middle\" width=\"198.02083399999998\">TIPO DI POTENZA<\/td>\n<td align=\"center\" valign=\"middle\" width=\"86.02083400000001\">PESO<\/td>\n<\/tr>\n<tr>\n<td align=\"center\" valign=\"middle\" width=\"96.02083400000001\"><strong>MR4<\/strong><\/td>\n<td align=\"center\" valign=\"middle\" width=\"178.02083399999998\">4\u00d76 litri\/8\u00d73 litri<\/td>\n<td colspan=\"1\" rowspan=\"4\" align=\"center\" valign=\"middle\" width=\"96.02083400000001\">aria<\/td>\n<td align=\"center\" valign=\"middle\" width=\"98.02083400000001\">1120<\/td>\n<td align=\"center\" valign=\"middle\" width=\"88.02083400000001\">740<\/td>\n<td align=\"center\" valign=\"middle\" width=\"81.02083400000001\">920<\/td>\n<td align=\"center\" valign=\"middle\" width=\"85.02083400000001\">1220<\/td>\n<td align=\"center\" valign=\"middle\" width=\"69.02083400000001\">840<\/td>\n<td align=\"center\" valign=\"middle\" width=\"90.02083400000001\">1300<\/td>\n<td align=\"center\" valign=\"middle\" width=\"140.02083399999998\">0,75 CV<\/td>\n<td colspan=\"1\" rowspan=\"4\" align=\"center\" valign=\"middle\" width=\"198.02083399999998\">220v\/1fase\/50hz<\/p>\n<p>o<\/p>\n<p>220V\/monofase\/60Hz<\/td>\n<td align=\"center\" valign=\"middle\" width=\"86.02083400000001\">157 kg<\/td>\n<\/tr>\n<tr>\n<td align=\"center\" valign=\"middle\" width=\"96.02083400000001\"><strong>MR6<\/strong><\/td>\n<td align=\"center\" valign=\"middle\" width=\"178.02083399999998\">6x6 litri\/12x3 litri<\/td>\n<td align=\"center\" valign=\"middle\" width=\"98.02083400000001\">1370<\/td>\n<td align=\"center\" valign=\"middle\" width=\"88.02083400000001\">740<\/td>\n<td align=\"center\" valign=\"middle\" width=\"81.02083400000001\">920<\/td>\n<td align=\"center\" valign=\"middle\" width=\"85.02083400000001\">1470<\/td>\n<td align=\"center\" valign=\"middle\" width=\"69.02083400000001\">840<\/td>\n<td align=\"center\" valign=\"middle\" width=\"90.02083400000001\">1300<\/td>\n<td align=\"center\" valign=\"middle\" width=\"140.02083399999998\">0,75 CV<\/td>\n<td align=\"center\" valign=\"middle\" width=\"86.02083400000001\">179 kg<\/td>\n<\/tr>\n<tr>\n<td colspan=\"1\" rowspan=\"1\" align=\"center\" valign=\"middle\" width=\"96.02083400000001\"><strong>MR8<\/strong><\/td>\n<td colspan=\"1\" rowspan=\"1\" align=\"center\" valign=\"middle\" width=\"178.02083399999998\">8\u00d76 litri\/16\u00d73 litri<\/td>\n<td colspan=\"1\" rowspan=\"1\" align=\"center\" valign=\"middle\" width=\"98.02083400000001\">1620<\/td>\n<td colspan=\"1\" rowspan=\"1\" align=\"center\" valign=\"middle\" width=\"88.02083400000001\">740<\/td>\n<td colspan=\"1\" rowspan=\"1\" align=\"center\" valign=\"middle\" width=\"81.02083400000001\">920<\/td>\n<td colspan=\"1\" rowspan=\"1\" align=\"center\" valign=\"middle\" width=\"85.02083400000001\">1720<\/td>\n<td colspan=\"1\" rowspan=\"1\" align=\"center\" valign=\"middle\" width=\"69.02083400000001\">840<\/td>\n<td colspan=\"1\" rowspan=\"1\" align=\"center\" valign=\"middle\" width=\"90.02083400000001\">1300<\/td>\n<td colspan=\"1\" rowspan=\"1\" align=\"center\" valign=\"middle\" width=\"140.02083399999998\">1.5 cavalli<\/td>\n<td colspan=\"1\" rowspan=\"1\" align=\"center\" valign=\"middle\" width=\"86.02083400000001\">207 kg<\/td>\n<\/tr>\n<tr>\n<td align=\"center\" valign=\"middle\" width=\"96.02083400000001\"><strong>MR10<\/strong><\/td>\n<td align=\"center\" valign=\"middle\" width=\"178.02083399999998\">10\u00d76 litri\/20\u00d73 litri<\/td>\n<td align=\"center\" valign=\"middle\" width=\"98.02083400000001\">1870<\/td>\n<td align=\"center\" valign=\"middle\" width=\"88.02083400000001\">740<\/td>\n<td align=\"center\" valign=\"middle\" width=\"81.02083400000001\">920<\/td>\n<td align=\"center\" valign=\"middle\" width=\"85.02083400000001\">1970<\/td>\n<td align=\"center\" valign=\"middle\" width=\"69.02083400000001\">840<\/td>\n<td align=\"center\" valign=\"middle\" width=\"90.02083400000001\">1300<\/td>\n<td align=\"center\" valign=\"middle\" width=\"140.02083399999998\">1.5 cavalli<\/td>\n<td align=\"center\" valign=\"middle\" width=\"86.02083400000001\">229 kg<\/td>\n<\/tr>\n<\/tbody>\n<\/table>\n<p>&nbsp;<\/p>","protected":false},"excerpt":{"rendered":"<p>Il carrello espositivo a secchiello MEHEN \u00e8 una nuova ed elegante vetrina per gelati.<\/p>\n<p>Rispetto ai display tradizionali, occupa uno spazio relativamente ridotto offrendo prestazioni di congelamento eccellenti.<\/p>\n<p>Il gelato \u00e8 ben protetto e conservato nel secchiello, sia di giorno che di notte.<\/p>\n<p>Questa sar\u00e0 un'attrazione fantastica per hotel, caff\u00e8, ristoranti, spiagge o qualsiasi altro luogo panoramico.<\/p>","protected":false},"featured_media":1338,"comment_status":"open","ping_status":"closed","template":"","meta":[],"product_cat":[15,34],"product_tag":[],"class_list":["post-694","product","type-product","status-publish","has-post-thumbnail","hentry","product_cat-product","product_cat-pozzetti-gelato-cart"],"yoast_head":"<!-- This site is optimized with the Yoast SEO plugin v21.0 - https:\/\/yoast.com\/wordpress\/plugins\/seo\/ -->\n<title>Mehen Pozzetti Gelato Cart \u2013 Italian Style Efficient Custom Gelato Cart<\/title>\n<meta name=\"description\" content=\"High-efficiency cooling, fully custom Italian design: The Mehen Pozzetti Gelato Cart features a French Tecumseh compressor, a stainless steel\/marble body, and eco-friendly R404A refrigerant. Order now!\" \/>\n<meta name=\"robots\" content=\"index, follow, max-snippet:-1, max-image-preview:large, max-video-preview:-1\" \/>\n<link rel=\"canonical\" href=\"https:\/\/www.gelatomachine.com\/it\/prodotto\/pozzetti-gelato-cart\/\" \/>\n<meta property=\"og:locale\" content=\"it_IT\" \/>\n<meta property=\"og:type\" content=\"article\" \/>\n<meta property=\"og:title\" content=\"Mehen Pozzetti Gelato Cart \u2013 Italian Style Efficient Custom Gelato Cart\" \/>\n<meta property=\"og:description\" content=\"High-efficiency cooling, fully custom Italian design: The Mehen Pozzetti Gelato Cart features a French Tecumseh compressor, a stainless steel\/marble body, and eco-friendly R404A refrigerant. Order now!\" \/>\n<meta property=\"og:url\" content=\"https:\/\/www.gelatomachine.com\/it\/prodotto\/pozzetti-gelato-cart\/\" \/>\n<meta property=\"og:site_name\" content=\"Mehen Gelato Machine\" \/>\n<meta property=\"article:modified_time\" content=\"2025-11-03T05:19:33+00:00\" \/>\n<meta property=\"og:image\" content=\"http:\/\/www.gelatomachine.com\/wp-content\/uploads\/2023\/09\/\u672a\u6807\u9898-4-1.jpg\" \/>\n\t<meta property=\"og:image:width\" content=\"800\" \/>\n\t<meta property=\"og:image:height\" content=\"800\" \/>\n\t<meta property=\"og:image:type\" content=\"image\/jpeg\" \/>\n<meta name=\"twitter:card\" content=\"summary_large_image\" \/>\n<meta name=\"twitter:label1\" content=\"Tempo di lettura stimato\" \/>\n\t<meta name=\"twitter:data1\" content=\"1 minuto\" \/>\n<script type=\"application\/ld+json\" class=\"yoast-schema-graph\">{\"@context\":\"https:\/\/schema.org\",\"@graph\":[{\"@type\":\"WebPage\",\"@id\":\"https:\/\/www.gelatomachine.com\/product\/pozzetti-gelato-cart\/\",\"url\":\"https:\/\/www.gelatomachine.com\/product\/pozzetti-gelato-cart\/\",\"name\":\"Mehen Pozzetti Gelato Cart \u2013 Italian Style Efficient Custom Gelato Cart\",\"isPartOf\":{\"@id\":\"https:\/\/www.gelatomachine.com\/#website\"},\"datePublished\":\"2023-09-05T06:10:55+00:00\",\"dateModified\":\"2025-11-03T05:19:33+00:00\",\"description\":\"High-efficiency cooling, fully custom Italian design: The Mehen Pozzetti Gelato Cart features a French Tecumseh compressor, a stainless steel\/marble body, and eco-friendly R404A refrigerant. Order now!\",\"breadcrumb\":{\"@id\":\"https:\/\/www.gelatomachine.com\/product\/pozzetti-gelato-cart\/#breadcrumb\"},\"inLanguage\":\"it-IT\",\"potentialAction\":[{\"@type\":\"ReadAction\",\"target\":[\"https:\/\/www.gelatomachine.com\/product\/pozzetti-gelato-cart\/\"]}]},{\"@type\":\"BreadcrumbList\",\"@id\":\"https:\/\/www.gelatomachine.com\/product\/pozzetti-gelato-cart\/#breadcrumb\",\"itemListElement\":[{\"@type\":\"ListItem\",\"position\":1,\"name\":\"Home\",\"item\":\"https:\/\/www.gelatomachine.com\/\"},{\"@type\":\"ListItem\",\"position\":2,\"name\":\"\u4ea7\u54c1\",\"item\":\"https:\/\/www.gelatomachine.com\/index.php\/shop__trashed\/\"},{\"@type\":\"ListItem\",\"position\":3,\"name\":\"Pozzetti Gelato Cart\"}]},{\"@type\":\"WebSite\",\"@id\":\"https:\/\/www.gelatomachine.com\/#website\",\"url\":\"https:\/\/www.gelatomachine.com\/\",\"name\":\"Mehen Gelato Machine\",\"description\":\"Complete ice cream equipment supplier-mehen\",\"publisher\":{\"@id\":\"https:\/\/www.gelatomachine.com\/#organization\"},\"potentialAction\":[{\"@type\":\"SearchAction\",\"target\":{\"@type\":\"EntryPoint\",\"urlTemplate\":\"https:\/\/www.gelatomachine.com\/?s={search_term_string}\"},\"query-input\":\"required name=search_term_string\"}],\"inLanguage\":\"it-IT\"},{\"@type\":\"Organization\",\"@id\":\"https:\/\/www.gelatomachine.com\/#organization\",\"name\":\"Mehen Gelato Machine\",\"url\":\"https:\/\/www.gelatomachine.com\/\",\"logo\":{\"@type\":\"ImageObject\",\"inLanguage\":\"it-IT\",\"@id\":\"https:\/\/www.gelatomachine.com\/#\/schema\/logo\/image\/\",\"url\":\"https:\/\/www.gelatomachine.com\/wp-content\/uploads\/2023\/09\/cropped-mehen-logo.gif\",\"contentUrl\":\"https:\/\/www.gelatomachine.com\/wp-content\/uploads\/2023\/09\/cropped-mehen-logo.gif\",\"width\":331,\"height\":56,\"caption\":\"Mehen Gelato Machine\"},\"image\":{\"@id\":\"https:\/\/www.gelatomachine.com\/#\/schema\/logo\/image\/\"}}]}<\/script>\n<!-- \/ Yoast SEO plugin. -->","yoast_head_json":{"title":"Mehen Pozzetti Gelato Cart \u2013 Italian Style Efficient Custom Gelato Cart","description":"High-efficiency cooling, fully custom Italian design: The Mehen Pozzetti Gelato Cart features a French Tecumseh compressor, a stainless steel\/marble body, and eco-friendly R404A refrigerant. Order now!","robots":{"index":"index","follow":"follow","max-snippet":"max-snippet:-1","max-image-preview":"max-image-preview:large","max-video-preview":"max-video-preview:-1"},"canonical":"https:\/\/www.gelatomachine.com\/it\/prodotto\/pozzetti-gelato-cart\/","og_locale":"it_IT","og_type":"article","og_title":"Mehen Pozzetti Gelato Cart \u2013 Italian Style Efficient Custom Gelato Cart","og_description":"High-efficiency cooling, fully custom Italian design: The Mehen Pozzetti Gelato Cart features a French Tecumseh compressor, a stainless steel\/marble body, and eco-friendly R404A refrigerant. Order now!","og_url":"https:\/\/www.gelatomachine.com\/it\/prodotto\/pozzetti-gelato-cart\/","og_site_name":"Mehen Gelato Machine","article_modified_time":"2025-11-03T05:19:33+00:00","og_image":[{"width":800,"height":800,"url":"http:\/\/www.gelatomachine.com\/wp-content\/uploads\/2023\/09\/\u672a\u6807\u9898-4-1.jpg","type":"image\/jpeg"}],"twitter_card":"summary_large_image","twitter_misc":{"Tempo di lettura stimato":"1 minuto"},"schema":{"@context":"https:\/\/schema.org","@graph":[{"@type":"WebPage","@id":"https:\/\/www.gelatomachine.com\/product\/pozzetti-gelato-cart\/","url":"https:\/\/www.gelatomachine.com\/product\/pozzetti-gelato-cart\/","name":"Mehen Pozzetti Gelato Cart \u2013 Italian Style Efficient Custom Gelato Cart","isPartOf":{"@id":"https:\/\/www.gelatomachine.com\/#website"},"datePublished":"2023-09-05T06:10:55+00:00","dateModified":"2025-11-03T05:19:33+00:00","description":"High-efficiency cooling, fully custom Italian design: The Mehen Pozzetti Gelato Cart features a French Tecumseh compressor, a stainless steel\/marble body, and eco-friendly R404A refrigerant. Order now!","breadcrumb":{"@id":"https:\/\/www.gelatomachine.com\/product\/pozzetti-gelato-cart\/#breadcrumb"},"inLanguage":"it-IT","potentialAction":[{"@type":"ReadAction","target":["https:\/\/www.gelatomachine.com\/product\/pozzetti-gelato-cart\/"]}]},{"@type":"BreadcrumbList","@id":"https:\/\/www.gelatomachine.com\/product\/pozzetti-gelato-cart\/#breadcrumb","itemListElement":[{"@type":"ListItem","position":1,"name":"Home","item":"https:\/\/www.gelatomachine.com\/"},{"@type":"ListItem","position":2,"name":"\u4ea7\u54c1","item":"https:\/\/www.gelatomachine.com\/index.php\/shop__trashed\/"},{"@type":"ListItem","position":3,"name":"Pozzetti Gelato Cart"}]},{"@type":"WebSite","@id":"https:\/\/www.gelatomachine.com\/#website","url":"https:\/\/www.gelatomachine.com\/","name":"Macchina per gelato Mehen","description":"Fornitore completo di attrezzature per gelaterie - Mehen","publisher":{"@id":"https:\/\/www.gelatomachine.com\/#organization"},"potentialAction":[{"@type":"SearchAction","target":{"@type":"EntryPoint","urlTemplate":"https:\/\/www.gelatomachine.com\/?s={search_term_string}"},"query-input":"required name=search_term_string"}],"inLanguage":"it-IT"},{"@type":"Organization","@id":"https:\/\/www.gelatomachine.com\/#organization","name":"Macchina per gelato Mehen","url":"https:\/\/www.gelatomachine.com\/","logo":{"@type":"ImageObject","inLanguage":"it-IT","@id":"https:\/\/www.gelatomachine.com\/#\/schema\/logo\/image\/","url":"https:\/\/www.gelatomachine.com\/wp-content\/uploads\/2023\/09\/cropped-mehen-logo.gif","contentUrl":"https:\/\/www.gelatomachine.com\/wp-content\/uploads\/2023\/09\/cropped-mehen-logo.gif","width":331,"height":56,"caption":"Mehen Gelato Machine"},"image":{"@id":"https:\/\/www.gelatomachine.com\/#\/schema\/logo\/image\/"}}]}},"_links":{"self":[{"href":"https:\/\/www.gelatomachine.com\/it\/wp-json\/wp\/v2\/product\/694","targetHints":{"allow":["GET"]}}],"collection":[{"href":"https:\/\/www.gelatomachine.com\/it\/wp-json\/wp\/v2\/product"}],"about":[{"href":"https:\/\/www.gelatomachine.com\/it\/wp-json\/wp\/v2\/types\/product"}],"replies":[{"embeddable":true,"href":"https:\/\/www.gelatomachine.com\/it\/wp-json\/wp\/v2\/comments?post=694"}],"wp:featuredmedia":[{"embeddable":true,"href":"https:\/\/www.gelatomachine.com\/it\/wp-json\/wp\/v2\/media\/1338"}],"wp:attachment":[{"href":"https:\/\/www.gelatomachine.com\/it\/wp-json\/wp\/v2\/media?parent=694"}],"wp:term":[{"taxonomy":"product_cat","embeddable":true,"href":"https:\/\/www.gelatomachine.com\/it\/wp-json\/wp\/v2\/product_cat?post=694"},{"taxonomy":"product_tag","embeddable":true,"href":"https:\/\/www.gelatomachine.com\/it\/wp-json\/wp\/v2\/product_tag?post=694"}],"curies":[{"name":"wp","href":"https:\/\/api.w.org\/{rel}","templated":true}]}}