{"id":481,"date":"2023-09-01T10:10:44","date_gmt":"2023-09-01T02:10:44","guid":{"rendered":"https:\/\/www.gelatomachine.com\/?post_type=product&#038;p=481"},"modified":"2025-09-05T14:00:43","modified_gmt":"2025-09-05T06:00:43","slug":"blast-chillers","status":"publish","type":"product","link":"https:\/\/www.gelatomachine.com\/it\/prodotto\/blast-chillers\/","title":{"rendered":"Abbattitore di temperatura"},"content":{"rendered":"<p><strong><b>36L\uff0c122L\uff0c241L\uff0c342L\uff0c425L\uff0c703L\uff0c1061<\/b><\/strong><strong><b>L<\/b><\/strong><\/p>\n<p><img loading=\"lazy\" decoding=\"async\" class=\"alignnone wp-image-1226\" src=\"http:\/\/www.gelatomachine.com\/wp-content\/uploads\/2023\/09\/blast-freezer-3-300x96.jpg\" alt=\"blast freezer\" width=\"1363\" height=\"436\" srcset=\"https:\/\/www.gelatomachine.com\/wp-content\/uploads\/2023\/09\/blast-freezer-3-300x96.jpg 300w, https:\/\/www.gelatomachine.com\/wp-content\/uploads\/2023\/09\/blast-freezer-3-1024x327.jpg 1024w, https:\/\/www.gelatomachine.com\/wp-content\/uploads\/2023\/09\/blast-freezer-3-768x245.jpg 768w, https:\/\/www.gelatomachine.com\/wp-content\/uploads\/2023\/09\/blast-freezer-3-1536x490.jpg 1536w, https:\/\/www.gelatomachine.com\/wp-content\/uploads\/2023\/09\/blast-freezer-3-2048x653.jpg 2048w, https:\/\/www.gelatomachine.com\/wp-content\/uploads\/2023\/09\/blast-freezer-3-600x191.jpg 600w\" sizes=\"auto, (max-width: 1363px) 100vw, 1363px\" \/><\/p>\n<p>18 anni di esperienza nella progettazione e nell'ingegnerizzazione di congelatori. Utilizziamo una macchina per il taglio laser per produrre tutti i telai e i pannelli.<\/p>\n<p>La finitura \u00e8 molto bella. Elevata capacit\u00e0 di raffreddamento, prestazioni e affidabilit\u00e0.<\/p>\n<p>\u00c8 eccellente per il gelato e il congelamento multiuso.<\/p>\n<p>Gli abbattitori di temperatura sono in grado di congelare rapidamente il gelato (o altri alimenti) e di ridurre la temperatura centrale dell'alimento al livello desiderato.<\/p>\n<p>Frena la crescita dei batteri per garantire l'igiene.<\/p>\n<p>Il congelamento d'urto impedisce la comparsa di ghiaccio e conserva cos\u00ec la consistenza originale.<\/p>\n<p>Gli abbattitori di temperatura sono stati studiati e progettati per le esigenze di ristoranti, panetterie, pasticcerie, produzione di gelati e trattamenti medici, ecc.<\/p>\n<p><strong><b>Specifiche tecniche:<\/b><\/strong><\/p>\n<table width=\"864\">\n<tbody>\n<tr>\n<td width=\"72\">MODELLO<\/td>\n<td width=\"72\">CAPACIT\u00c0<\/td>\n<td width=\"72\">COTTURA Q.T\u00c0.<\/td>\n<td width=\"72\">TEGLIA PER GELATO Q.T\u00c0<\/td>\n<td colspan=\"3\" width=\"216\">DIMENSIONE DELLA CAVIT\u00c0 (WDH, mm)<\/td>\n<td colspan=\"3\" width=\"216\">DIMENSIONE MACCHINA (WDH, mm)<\/td>\n<td width=\"72\">TIPO DI POTENZA<\/td>\n<td width=\"72\">PESO<\/td>\n<\/tr>\n<tr>\n<td width=\"72\">MB2T<\/td>\n<td width=\"72\">36 litri<\/td>\n<td width=\"72\">==<\/td>\n<td width=\"72\">1SC\/2SD<\/td>\n<td width=\"72\">370<\/td>\n<td width=\"72\">330<\/td>\n<td width=\"72\">300<\/td>\n<td width=\"72\">720<\/td>\n<td width=\"72\">640<\/td>\n<td width=\"72\">440<\/td>\n<td rowspan=\"2\" width=\"72\">EU1 o US1<\/td>\n<td width=\"72\">61 kg<\/td>\n<\/tr>\n<tr>\n<td width=\"72\">MB6T<\/td>\n<td width=\"72\">122 litri<\/td>\n<td width=\"72\">12EB<\/td>\n<td width=\"72\">4SC\/6SD<\/td>\n<td width=\"72\">630<\/td>\n<td width=\"72\">448<\/td>\n<td width=\"72\">435<\/td>\n<td width=\"72\">750<\/td>\n<td width=\"72\">750<\/td>\n<td width=\"72\">960<\/td>\n<td width=\"72\">140 kg<\/td>\n<\/tr>\n<tr>\n<td width=\"72\">MB12T<\/td>\n<td width=\"72\">241 litri<\/td>\n<td width=\"72\">24EB<\/td>\n<td width=\"72\">8SC\/12SD<\/td>\n<td width=\"72\">630<\/td>\n<td width=\"72\">448<\/td>\n<td width=\"72\">855<\/td>\n<td width=\"72\">750<\/td>\n<td width=\"72\">750<\/td>\n<td width=\"72\">1450<\/td>\n<td rowspan=\"5\" width=\"72\">EU3 o US3<\/td>\n<td width=\"72\">188 kg<\/td>\n<\/tr>\n<tr>\n<td width=\"72\">MB18T<\/td>\n<td width=\"72\">342 litri<\/td>\n<td width=\"72\">34EB<\/td>\n<td width=\"72\">12SC\/18SD<\/td>\n<td width=\"72\">630<\/td>\n<td width=\"72\">448<\/td>\n<td width=\"72\">1215<\/td>\n<td width=\"72\">750<\/td>\n<td width=\"72\">750<\/td>\n<td width=\"72\">1810<\/td>\n<td width=\"72\">240 kg<\/td>\n<\/tr>\n<tr>\n<td width=\"72\">MB22T<\/td>\n<td width=\"72\">425 litri<\/td>\n<td width=\"72\">28UB<\/td>\n<td width=\"72\">14SC\/22SD<\/td>\n<td width=\"72\">690<\/td>\n<td width=\"72\">508<\/td>\n<td width=\"72\">1215<\/td>\n<td width=\"72\">810<\/td>\n<td width=\"72\">810<\/td>\n<td width=\"72\">1810<\/td>\n<td width=\"72\">301 kg<\/td>\n<\/tr>\n<tr>\n<td width=\"72\">MB36T<\/td>\n<td width=\"72\">703 litri<\/td>\n<td width=\"72\">68EB<\/td>\n<td width=\"72\">24SC\/36SD<\/td>\n<td width=\"72\">1292<\/td>\n<td width=\"72\">448<\/td>\n<td width=\"72\">1215<\/td>\n<td width=\"72\">1412<\/td>\n<td width=\"72\">750<\/td>\n<td width=\"72\">1810<\/td>\n<td width=\"72\">412 kg<\/td>\n<\/tr>\n<tr>\n<td width=\"72\">MB54T<\/td>\n<td width=\"72\">1061 litri<\/td>\n<td width=\"72\">102EB<\/td>\n<td width=\"72\">36SC\/54SD<\/td>\n<td width=\"72\">1348<\/td>\n<td width=\"72\">648<\/td>\n<td width=\"72\">1215<\/td>\n<td width=\"72\">1468<\/td>\n<td width=\"72\">950<\/td>\n<td width=\"72\">1810<\/td>\n<td width=\"72\">459 kg<\/td>\n<\/tr>\n<\/tbody>\n<\/table>\n<p>1. Dimensione della pentola standard europea EB: WDH=40x60x6 mm.<\/p>\n<p>2. Dimensioni della pentola standard USA UB: WDH=45,7\u00d767,2\u00d76 mm.<\/p>\n<p>3. Dimensioni della vaschetta per gelato SC: WDH=327x265x65 mm.<\/p>\n<p>Dimensioni della vaschetta per gelato SD: WDH=327x175x65 mm.<\/p>\n<p>4. Informazioni sul tipo di alimentazione:<\/p>\n<p>Alimentazione monofase standard europea (EU1): 220v\/1ph\/50hz<\/p>\n<p>Potenza trifase standard europea (EU3): 400v\/3ph\/50hz.60hz<\/p>\n<p>Alimentazione monofase standard americana (US1): 220v\/1ph\/60hz<\/p>\n<p>Alimentazione trifase standard americana (US3): 220v\/3ph\/60hz<\/p>\n<p>5. SEMI: compressore semiermetico con prestazioni pi\u00f9 elevate.<\/p>\n<p>6. Avviso: \u00e8 molto importante selezionare il tipo di alimentazione corretta al momento dell'acquisto della macchina.<\/p>\n<p>&nbsp;<\/p>\n<p><img loading=\"lazy\" decoding=\"async\" class=\"alignnone wp-image-1325\" title=\"Compressore Tecumseh importato dalla Francia\" src=\"http:\/\/www.gelatomachine.com\/wp-content\/uploads\/2023\/08\/compressor-221x300.png\" alt=\"mehen gelato compressor\" width=\"92\" height=\"125\" srcset=\"https:\/\/www.gelatomachine.com\/wp-content\/uploads\/2023\/08\/compressor-221x300.png 221w, https:\/\/www.gelatomachine.com\/wp-content\/uploads\/2023\/08\/compressor.png 441w\" sizes=\"auto, (max-width: 92px) 100vw, 92px\" \/><img loading=\"lazy\" decoding=\"async\" class=\"alignnone wp-image-1326\" title=\"Compressore di fabbricazione francese\" src=\"http:\/\/www.gelatomachine.com\/wp-content\/uploads\/2023\/08\/logo-tecumseh-hermetique.png\" alt=\"mehen france made compressor\" width=\"136\" height=\"61\" \/>\u00a0 \u00a0 \u00a0 \u00a0 \u00a0 <img loading=\"lazy\" decoding=\"async\" class=\"alignnone wp-image-1331\" title=\"Compressore Frasscold importato dall&#039;Italia\" src=\"http:\/\/www.gelatomachine.com\/wp-content\/uploads\/2023\/08\/frasscold_3jll-300x246.png\" alt=\"mehen gelato compressor\" width=\"127\" height=\"104\" srcset=\"https:\/\/www.gelatomachine.com\/wp-content\/uploads\/2023\/08\/frasscold_3jll-300x246.png 300w, https:\/\/www.gelatomachine.com\/wp-content\/uploads\/2023\/08\/frasscold_3jll.png 548w\" sizes=\"auto, (max-width: 127px) 100vw, 127px\" \/><img loading=\"lazy\" decoding=\"async\" class=\"alignnone wp-image-1332\" title=\"Compressore Frasscold importato dall&#039;Italia\" src=\"http:\/\/www.gelatomachine.com\/wp-content\/uploads\/2023\/08\/fciscold_1_qvs5-300x158.png\" alt=\"nehen gelato compressor\" width=\"120\" height=\"63\" srcset=\"https:\/\/www.gelatomachine.com\/wp-content\/uploads\/2023\/08\/fciscold_1_qvs5-300x158.png 300w, https:\/\/www.gelatomachine.com\/wp-content\/uploads\/2023\/08\/fciscold_1_qvs5.png 390w\" sizes=\"auto, (max-width: 120px) 100vw, 120px\" \/><\/p>","protected":false},"excerpt":{"rendered":"<p>Porta ad aspirazione magnetica automatica<\/p>\n<p>Congelare rapidamente il gelato, conservarne il contenuto d'aria e prevenire la formazione di ghiaccio.<\/p>\n<p>Ripiani regolabili in acciaio inox progettati per riporre oggetti di vario volume.<\/p>\n<p>La temperatura estremamente fredda mantiene perfettamente la decorazione originale del gelato e crea una pellicola protettiva sulla sua superficie.<\/p>\n<p>Sonde a doppio sensore per il rilevamento della temperatura, una fissa per la cavit\u00e0 della macchina e l'altra mobile per il cibo.<\/p>\n<p>Adatto sia alle vaschette per gelato standard che a quelle per pasticceria.<\/p>\n<p>Con attacco a scatto inclinato, facile e comodo da usare.<\/p>","protected":false},"featured_media":483,"comment_status":"open","ping_status":"closed","template":"","meta":[],"product_cat":[15,31],"product_tag":[],"class_list":["post-481","product","type-product","status-publish","has-post-thumbnail","hentry","product_cat-product","product_cat-blast-chiller"],"yoast_head":"<!-- This site is optimized with the Yoast SEO plugin v21.0 - https:\/\/yoast.com\/wordpress\/plugins\/seo\/ -->\n<title>Blast Chiller Machines | Mehen \u2014 Fast Cooling, Food Safety &amp; Multiple Capacities<\/title>\n<meta name=\"description\" content=\"Discover Mehen Blast Chillers with 36L\u20131061L capacities. Designed for ice cream, bakery, and food service, they deliver rapid cooling, freshness retention, and hygiene protection with stainless steel racks, dual probes, and auto door closing.\" \/>\n<meta name=\"robots\" content=\"index, follow, max-snippet:-1, max-image-preview:large, max-video-preview:-1\" \/>\n<link rel=\"canonical\" href=\"https:\/\/www.gelatomachine.com\/it\/prodotto\/blast-chillers\/\" \/>\n<meta property=\"og:locale\" content=\"it_IT\" \/>\n<meta property=\"og:type\" content=\"article\" \/>\n<meta property=\"og:title\" content=\"Blast Chiller Machines | Mehen \u2014 Fast Cooling, Food Safety &amp; Multiple Capacities\" \/>\n<meta property=\"og:description\" content=\"Discover Mehen Blast Chillers with 36L\u20131061L capacities. Designed for ice cream, bakery, and food service, they deliver rapid cooling, freshness retention, and hygiene protection with stainless steel racks, dual probes, and auto door closing.\" \/>\n<meta property=\"og:url\" content=\"https:\/\/www.gelatomachine.com\/it\/prodotto\/blast-chillers\/\" \/>\n<meta property=\"og:site_name\" content=\"Mehen Gelato Machine\" \/>\n<meta property=\"article:modified_time\" content=\"2025-09-05T06:00:43+00:00\" \/>\n<meta property=\"og:image\" content=\"http:\/\/www.gelatomachine.com\/wp-content\/uploads\/2023\/09\/MB6T-\u4e3b.jpg\" \/>\n\t<meta property=\"og:image:width\" content=\"800\" \/>\n\t<meta property=\"og:image:height\" content=\"800\" \/>\n\t<meta property=\"og:image:type\" content=\"image\/jpeg\" \/>\n<meta name=\"twitter:card\" content=\"summary_large_image\" \/>\n<meta name=\"twitter:label1\" content=\"Tempo di lettura stimato\" \/>\n\t<meta name=\"twitter:data1\" content=\"3 minuti\" \/>\n<script type=\"application\/ld+json\" class=\"yoast-schema-graph\">{\"@context\":\"https:\/\/schema.org\",\"@graph\":[{\"@type\":\"WebPage\",\"@id\":\"https:\/\/www.gelatomachine.com\/product\/blast-chillers\/\",\"url\":\"https:\/\/www.gelatomachine.com\/product\/blast-chillers\/\",\"name\":\"Blast Chiller Machines | Mehen \u2014 Fast Cooling, Food Safety & Multiple Capacities\",\"isPartOf\":{\"@id\":\"https:\/\/www.gelatomachine.com\/#website\"},\"datePublished\":\"2023-09-01T02:10:44+00:00\",\"dateModified\":\"2025-09-05T06:00:43+00:00\",\"description\":\"Discover Mehen Blast Chillers with 36L\u20131061L capacities. Designed for ice cream, bakery, and food service, they deliver rapid cooling, freshness retention, and hygiene protection with stainless steel racks, dual probes, and auto door closing.\",\"breadcrumb\":{\"@id\":\"https:\/\/www.gelatomachine.com\/product\/blast-chillers\/#breadcrumb\"},\"inLanguage\":\"it-IT\",\"potentialAction\":[{\"@type\":\"ReadAction\",\"target\":[\"https:\/\/www.gelatomachine.com\/product\/blast-chillers\/\"]}]},{\"@type\":\"BreadcrumbList\",\"@id\":\"https:\/\/www.gelatomachine.com\/product\/blast-chillers\/#breadcrumb\",\"itemListElement\":[{\"@type\":\"ListItem\",\"position\":1,\"name\":\"Home\",\"item\":\"https:\/\/www.gelatomachine.com\/\"},{\"@type\":\"ListItem\",\"position\":2,\"name\":\"\u4ea7\u54c1\",\"item\":\"https:\/\/www.gelatomachine.com\/index.php\/shop__trashed\/\"},{\"@type\":\"ListItem\",\"position\":3,\"name\":\"Blast Chiller\"}]},{\"@type\":\"WebSite\",\"@id\":\"https:\/\/www.gelatomachine.com\/#website\",\"url\":\"https:\/\/www.gelatomachine.com\/\",\"name\":\"Mehen Gelato Machine\",\"description\":\"Complete ice cream equipment supplier-mehen\",\"publisher\":{\"@id\":\"https:\/\/www.gelatomachine.com\/#organization\"},\"potentialAction\":[{\"@type\":\"SearchAction\",\"target\":{\"@type\":\"EntryPoint\",\"urlTemplate\":\"https:\/\/www.gelatomachine.com\/?s={search_term_string}\"},\"query-input\":\"required name=search_term_string\"}],\"inLanguage\":\"it-IT\"},{\"@type\":\"Organization\",\"@id\":\"https:\/\/www.gelatomachine.com\/#organization\",\"name\":\"Mehen Gelato Machine\",\"url\":\"https:\/\/www.gelatomachine.com\/\",\"logo\":{\"@type\":\"ImageObject\",\"inLanguage\":\"it-IT\",\"@id\":\"https:\/\/www.gelatomachine.com\/#\/schema\/logo\/image\/\",\"url\":\"https:\/\/www.gelatomachine.com\/wp-content\/uploads\/2023\/09\/cropped-mehen-logo.gif\",\"contentUrl\":\"https:\/\/www.gelatomachine.com\/wp-content\/uploads\/2023\/09\/cropped-mehen-logo.gif\",\"width\":331,\"height\":56,\"caption\":\"Mehen Gelato Machine\"},\"image\":{\"@id\":\"https:\/\/www.gelatomachine.com\/#\/schema\/logo\/image\/\"}}]}<\/script>\n<!-- \/ Yoast SEO plugin. -->","yoast_head_json":{"title":"Blast Chiller Machines | Mehen \u2014 Fast Cooling, Food Safety & Multiple Capacities","description":"Discover Mehen Blast Chillers with 36L\u20131061L capacities. Designed for ice cream, bakery, and food service, they deliver rapid cooling, freshness retention, and hygiene protection with stainless steel racks, dual probes, and auto door closing.","robots":{"index":"index","follow":"follow","max-snippet":"max-snippet:-1","max-image-preview":"max-image-preview:large","max-video-preview":"max-video-preview:-1"},"canonical":"https:\/\/www.gelatomachine.com\/it\/prodotto\/blast-chillers\/","og_locale":"it_IT","og_type":"article","og_title":"Blast Chiller Machines | Mehen \u2014 Fast Cooling, Food Safety & Multiple Capacities","og_description":"Discover Mehen Blast Chillers with 36L\u20131061L capacities. Designed for ice cream, bakery, and food service, they deliver rapid cooling, freshness retention, and hygiene protection with stainless steel racks, dual probes, and auto door closing.","og_url":"https:\/\/www.gelatomachine.com\/it\/prodotto\/blast-chillers\/","og_site_name":"Mehen Gelato Machine","article_modified_time":"2025-09-05T06:00:43+00:00","og_image":[{"width":800,"height":800,"url":"http:\/\/www.gelatomachine.com\/wp-content\/uploads\/2023\/09\/MB6T-\u4e3b.jpg","type":"image\/jpeg"}],"twitter_card":"summary_large_image","twitter_misc":{"Tempo di lettura stimato":"3 minuti"},"schema":{"@context":"https:\/\/schema.org","@graph":[{"@type":"WebPage","@id":"https:\/\/www.gelatomachine.com\/product\/blast-chillers\/","url":"https:\/\/www.gelatomachine.com\/product\/blast-chillers\/","name":"Blast Chiller Machines | Mehen \u2014 Fast Cooling, Food Safety & Multiple Capacities","isPartOf":{"@id":"https:\/\/www.gelatomachine.com\/#website"},"datePublished":"2023-09-01T02:10:44+00:00","dateModified":"2025-09-05T06:00:43+00:00","description":"Discover Mehen Blast Chillers with 36L\u20131061L capacities. Designed for ice cream, bakery, and food service, they deliver rapid cooling, freshness retention, and hygiene protection with stainless steel racks, dual probes, and auto door closing.","breadcrumb":{"@id":"https:\/\/www.gelatomachine.com\/product\/blast-chillers\/#breadcrumb"},"inLanguage":"it-IT","potentialAction":[{"@type":"ReadAction","target":["https:\/\/www.gelatomachine.com\/product\/blast-chillers\/"]}]},{"@type":"BreadcrumbList","@id":"https:\/\/www.gelatomachine.com\/product\/blast-chillers\/#breadcrumb","itemListElement":[{"@type":"ListItem","position":1,"name":"Home","item":"https:\/\/www.gelatomachine.com\/"},{"@type":"ListItem","position":2,"name":"\u4ea7\u54c1","item":"https:\/\/www.gelatomachine.com\/index.php\/shop__trashed\/"},{"@type":"ListItem","position":3,"name":"Blast Chiller"}]},{"@type":"WebSite","@id":"https:\/\/www.gelatomachine.com\/#website","url":"https:\/\/www.gelatomachine.com\/","name":"Macchina per gelato Mehen","description":"Fornitore completo di attrezzature per gelaterie - Mehen","publisher":{"@id":"https:\/\/www.gelatomachine.com\/#organization"},"potentialAction":[{"@type":"SearchAction","target":{"@type":"EntryPoint","urlTemplate":"https:\/\/www.gelatomachine.com\/?s={search_term_string}"},"query-input":"required name=search_term_string"}],"inLanguage":"it-IT"},{"@type":"Organization","@id":"https:\/\/www.gelatomachine.com\/#organization","name":"Macchina per gelato Mehen","url":"https:\/\/www.gelatomachine.com\/","logo":{"@type":"ImageObject","inLanguage":"it-IT","@id":"https:\/\/www.gelatomachine.com\/#\/schema\/logo\/image\/","url":"https:\/\/www.gelatomachine.com\/wp-content\/uploads\/2023\/09\/cropped-mehen-logo.gif","contentUrl":"https:\/\/www.gelatomachine.com\/wp-content\/uploads\/2023\/09\/cropped-mehen-logo.gif","width":331,"height":56,"caption":"Mehen Gelato Machine"},"image":{"@id":"https:\/\/www.gelatomachine.com\/#\/schema\/logo\/image\/"}}]}},"_links":{"self":[{"href":"https:\/\/www.gelatomachine.com\/it\/wp-json\/wp\/v2\/product\/481","targetHints":{"allow":["GET"]}}],"collection":[{"href":"https:\/\/www.gelatomachine.com\/it\/wp-json\/wp\/v2\/product"}],"about":[{"href":"https:\/\/www.gelatomachine.com\/it\/wp-json\/wp\/v2\/types\/product"}],"replies":[{"embeddable":true,"href":"https:\/\/www.gelatomachine.com\/it\/wp-json\/wp\/v2\/comments?post=481"}],"wp:featuredmedia":[{"embeddable":true,"href":"https:\/\/www.gelatomachine.com\/it\/wp-json\/wp\/v2\/media\/483"}],"wp:attachment":[{"href":"https:\/\/www.gelatomachine.com\/it\/wp-json\/wp\/v2\/media?parent=481"}],"wp:term":[{"taxonomy":"product_cat","embeddable":true,"href":"https:\/\/www.gelatomachine.com\/it\/wp-json\/wp\/v2\/product_cat?post=481"},{"taxonomy":"product_tag","embeddable":true,"href":"https:\/\/www.gelatomachine.com\/it\/wp-json\/wp\/v2\/product_tag?post=481"}],"curies":[{"name":"wp","href":"https:\/\/api.w.org\/{rel}","templated":true}]}}